{"id":99,"date":"2018-05-08T09:17:58","date_gmt":"2018-05-08T09:17:58","guid":{"rendered":"http:\/\/musikbox-cremlingen.de\/?page_id=99"},"modified":"2025-10-10T13:10:53","modified_gmt":"2025-10-10T11:10:53","slug":"blasinstrumente","status":"publish","type":"page","link":"https:\/\/musikbox-cremlingen.de\/?page_id=99","title":{"rendered":"Blasinstrumente"},"content":{"rendered":"<h3><strong><img decoding=\"async\" loading=\"lazy\" class=\"alignnone size-full wp-image-205 alignleft\" src=\"http:\/\/musikbox-cremlingen.de\/wp-content\/uploads\/2018\/05\/fotolia_31880548-e1528971819387.jpg\" alt=\"\" width=\"299\" height=\"372\" srcset=\"https:\/\/musikbox-cremlingen.de\/wp-content\/uploads\/2018\/05\/fotolia_31880548-e1528971819387.jpg 299w, https:\/\/musikbox-cremlingen.de\/wp-content\/uploads\/2018\/05\/fotolia_31880548-e1528971819387-241x300.jpg 241w\" sizes=\"(max-width: 299px) 100vw, 299px\" \/>Tief Luft holen!<\/strong><\/h3>\n<p>Ein einfacher Einstieg in die Welt der Musikinstrumente ist nat\u00fcrlich die bekannte Blockfl\u00f6te. Oft vergessen wird die Melodica &#8211; gerade f\u00fcr Tastenliebhaber super!<br \/>\nAber wir bieten Ihnen auch andere Blasinstrumente an. Hier die \u00dcbersicht &#8211; tief Luft holen:<\/p>\n<p>&#8211; Blockfl\u00f6te<br \/>\n&#8211; Klarinette<br \/>\n&#8211; Saxofon<br \/>\n&#8211; Melodica<\/p>\n","protected":false},"excerpt":{"rendered":"<p>Tief Luft holen! Ein einfacher Einstieg in die Welt der Musikinstrumente ist nat\u00fcrlich die bekannte Blockfl\u00f6te. Oft vergessen wird die Melodica &#8211; gerade f\u00fcr Tastenliebhaber super! Aber wir bieten Ihnen auch andere Blasinstrumente an. Hier die \u00dcbersicht &#8211; tief Luft holen: &#8211; Blockfl\u00f6te &#8211; Klarinette &#8211; Saxofon &#8211; Melodica<\/p>\n","protected":false},"author":1,"featured_media":0,"parent":0,"menu_order":0,"comment_status":"closed","ping_status":"closed","template":"","meta":[],"_links":{"self":[{"href":"https:\/\/musikbox-cremlingen.de\/index.php?rest_route=\/wp\/v2\/pages\/99"}],"collection":[{"href":"https:\/\/musikbox-cremlingen.de\/index.php?rest_route=\/wp\/v2\/pages"}],"about":[{"href":"https:\/\/musikbox-cremlingen.de\/index.php?rest_route=\/wp\/v2\/types\/page"}],"author":[{"embeddable":true,"href":"https:\/\/musikbox-cremlingen.de\/index.php?rest_route=\/wp\/v2\/users\/1"}],"replies":[{"embeddable":true,"href":"https:\/\/musikbox-cremlingen.de\/index.php?rest_route=%2Fwp%2Fv2%2Fcomments&post=99"}],"version-history":[{"count":9,"href":"https:\/\/musikbox-cremlingen.de\/index.php?rest_route=\/wp\/v2\/pages\/99\/revisions"}],"predecessor-version":[{"id":1163,"href":"https:\/\/musikbox-cremlingen.de\/index.php?rest_route=\/wp\/v2\/pages\/99\/revisions\/1163"}],"wp:attachment":[{"href":"https:\/\/musikbox-cremlingen.de\/index.php?rest_route=%2Fwp%2Fv2%2Fmedia&parent=99"}],"curies":[{"name":"wp","href":"https:\/\/api.w.org\/{rel}","templated":true}]}}