{"id":90,"date":"2018-05-08T09:17:57","date_gmt":"2018-05-08T09:17:57","guid":{"rendered":"http:\/\/musikbox-cremlingen.de\/?page_id=90"},"modified":"2018-11-02T11:49:14","modified_gmt":"2018-11-02T10:49:14","slug":"musikunterricht","status":"publish","type":"page","link":"https:\/\/musikbox-cremlingen.de\/?page_id=90","title":{"rendered":"Musikunterricht"},"content":{"rendered":"<h3><strong><img decoding=\"async\" loading=\"lazy\" class=\"alignnone size-full wp-image-324 alignleft\" src=\"http:\/\/musikbox-cremlingen.de\/wp-content\/uploads\/2018\/06\/fotolia_48244436cut-e1529056366967.jpg\" alt=\"\" width=\"300\" height=\"356\" srcset=\"https:\/\/musikbox-cremlingen.de\/wp-content\/uploads\/2018\/06\/fotolia_48244436cut-e1529056366967.jpg 300w, https:\/\/musikbox-cremlingen.de\/wp-content\/uploads\/2018\/06\/fotolia_48244436cut-e1529056366967-253x300.jpg 253w\" sizes=\"(max-width: 300px) 100vw, 300px\" \/>Ausprobieren kostet nichts!<\/strong><\/h3>\n<p>Wir bieten Ihnen eine gro\u00dfe Auswahl an verschiedenen Musikinstrumenten an &#8211; f\u00fcr alle Altersstufen!<br \/>\nLesen Sie in Ruhe nach. Und dann melden Sie sich, um f\u00fcr Ihr ausgew\u00e4hltes Instrument eine gratis Probestunde zu vereinbaren. Die ist nat\u00fcrlich v\u00f6llig unverbindlich!<\/p>\n<p>Z\u00f6gern Sie nicht! Sie m\u00fcssen keine Vorkenntnisse mitbringen.<\/p>\n<p><a href=\"http:\/\/musikbox-cremlingen.de\/?page_id=258\">Wie soll ich starten?<\/a><\/p>\n<p><a href=\"http:\/\/musikbox-cremlingen.de\/?page_id=262\">Wie mache ich mit?<\/a><\/p>\n","protected":false},"excerpt":{"rendered":"<p>Ausprobieren kostet nichts! Wir bieten Ihnen eine gro\u00dfe Auswahl an verschiedenen Musikinstrumenten an &#8211; f\u00fcr alle Altersstufen! Lesen Sie in Ruhe nach. Und dann melden Sie sich, um f\u00fcr Ihr ausgew\u00e4hltes Instrument eine gratis Probestunde zu vereinbaren. Die ist nat\u00fcrlich v\u00f6llig unverbindlich! Z\u00f6gern Sie nicht! Sie m\u00fcssen keine Vorkenntnisse mitbringen. Wie soll ich starten? Wie&hellip;<\/p>\n<p class=\"more-link\"><a href=\"https:\/\/musikbox-cremlingen.de\/?page_id=90\" class=\"themebutton\">Read More<\/a><\/p>\n","protected":false},"author":1,"featured_media":0,"parent":0,"menu_order":0,"comment_status":"closed","ping_status":"closed","template":"","meta":[],"_links":{"self":[{"href":"https:\/\/musikbox-cremlingen.de\/index.php?rest_route=\/wp\/v2\/pages\/90"}],"collection":[{"href":"https:\/\/musikbox-cremlingen.de\/index.php?rest_route=\/wp\/v2\/pages"}],"about":[{"href":"https:\/\/musikbox-cremlingen.de\/index.php?rest_route=\/wp\/v2\/types\/page"}],"author":[{"embeddable":true,"href":"https:\/\/musikbox-cremlingen.de\/index.php?rest_route=\/wp\/v2\/users\/1"}],"replies":[{"embeddable":true,"href":"https:\/\/musikbox-cremlingen.de\/index.php?rest_route=%2Fwp%2Fv2%2Fcomments&post=90"}],"version-history":[{"count":12,"href":"https:\/\/musikbox-cremlingen.de\/index.php?rest_route=\/wp\/v2\/pages\/90\/revisions"}],"predecessor-version":[{"id":417,"href":"https:\/\/musikbox-cremlingen.de\/index.php?rest_route=\/wp\/v2\/pages\/90\/revisions\/417"}],"wp:attachment":[{"href":"https:\/\/musikbox-cremlingen.de\/index.php?rest_route=%2Fwp%2Fv2%2Fmedia&parent=90"}],"curies":[{"name":"wp","href":"https:\/\/api.w.org\/{rel}","templated":true}]}}