{"id":395,"date":"2018-11-02T11:18:46","date_gmt":"2018-11-02T10:18:46","guid":{"rendered":"http:\/\/musikbox-cremlingen.de\/?page_id=395"},"modified":"2021-03-04T15:28:36","modified_gmt":"2021-03-04T14:28:36","slug":"10er-karte","status":"publish","type":"page","link":"https:\/\/musikbox-cremlingen.de\/?page_id=395","title":{"rendered":"10er-Karte"},"content":{"rendered":"<h3><img decoding=\"async\" loading=\"lazy\" class=\"size-full wp-image-396 alignleft\" src=\"http:\/\/musikbox-cremlingen.de\/wp-content\/uploads\/2018\/11\/picto_10.jpg\" alt=\"\" width=\"225\" height=\"230\" \/>Unsere 10er-Karte<\/h3>\n<p>JA, es ist nicht so einfach! Welches Instrument nehme ich blo\u00df? Oder ist es das Richtige f\u00fcr mich, wieder einzusteigen? Obwohl man in der Musikbox immer zum Quartalsende k\u00fcndigen kann, h\u00e4ngt man vielleicht im Unterricht fest, ohne richtig weiterzukommen, weil die \u00dcbezeit fehlt. Und wenn es dann noch f\u00fcr das Kind ist \u2026 wer wei\u00df, ob es auch nach zwei Monaten noch wie geplant l\u00e4uft?!<\/p>\n<p><b>Daf\u00fcr gibt es unsere 10er-Karte!\u00a0<\/b><br \/>\nEinfach mal kreuz und quer verschiedene Instrumente antesten. Oder ein Instrument vertiefen.<br \/>\nWie auch immer \u2026 nach 10 Terminen ist einfach Schluss.<br \/>\nUnd das Beste: Alle Termine k\u00f6nnen Sie nach Ihren zeitlichen M\u00f6glichkeiten mit uns absprechen.<\/p>\n<p><strong><img decoding=\"async\" loading=\"lazy\" class=\"wp-image-419 alignleft\" src=\"http:\/\/musikbox-cremlingen.de\/wp-content\/uploads\/2018\/12\/10erKarte_cut2.jpg\" alt=\"\" width=\"226\" height=\"153\" srcset=\"https:\/\/musikbox-cremlingen.de\/wp-content\/uploads\/2018\/12\/10erKarte_cut2.jpg 842w, https:\/\/musikbox-cremlingen.de\/wp-content\/uploads\/2018\/12\/10erKarte_cut2-300x202.jpg 300w, https:\/\/musikbox-cremlingen.de\/wp-content\/uploads\/2018\/12\/10erKarte_cut2-768x517.jpg 768w\" sizes=\"(max-width: 226px) 100vw, 226px\" \/> Viel einfacher geht es nun wirklich nicht.<\/strong><\/p>\n<p><a href=\"http:\/\/musikbox-cremlingen.de\/?page_id=103\"><strong>Jetzt loslegen!<\/strong><\/a><\/p>\n","protected":false},"excerpt":{"rendered":"<p>Unsere 10er-Karte JA, es ist nicht so einfach! Welches Instrument nehme ich blo\u00df? Oder ist es das Richtige f\u00fcr mich, wieder einzusteigen? Obwohl man in der Musikbox immer zum Quartalsende k\u00fcndigen kann, h\u00e4ngt man vielleicht im Unterricht fest, ohne richtig weiterzukommen, weil die \u00dcbezeit fehlt. Und wenn es dann noch f\u00fcr das Kind ist \u2026&hellip;<\/p>\n<p class=\"more-link\"><a href=\"https:\/\/musikbox-cremlingen.de\/?page_id=395\" class=\"themebutton\">Read More<\/a><\/p>\n","protected":false},"author":1,"featured_media":0,"parent":0,"menu_order":0,"comment_status":"closed","ping_status":"closed","template":"","meta":[],"_links":{"self":[{"href":"https:\/\/musikbox-cremlingen.de\/index.php?rest_route=\/wp\/v2\/pages\/395"}],"collection":[{"href":"https:\/\/musikbox-cremlingen.de\/index.php?rest_route=\/wp\/v2\/pages"}],"about":[{"href":"https:\/\/musikbox-cremlingen.de\/index.php?rest_route=\/wp\/v2\/types\/page"}],"author":[{"embeddable":true,"href":"https:\/\/musikbox-cremlingen.de\/index.php?rest_route=\/wp\/v2\/users\/1"}],"replies":[{"embeddable":true,"href":"https:\/\/musikbox-cremlingen.de\/index.php?rest_route=%2Fwp%2Fv2%2Fcomments&post=395"}],"version-history":[{"count":15,"href":"https:\/\/musikbox-cremlingen.de\/index.php?rest_route=\/wp\/v2\/pages\/395\/revisions"}],"predecessor-version":[{"id":870,"href":"https:\/\/musikbox-cremlingen.de\/index.php?rest_route=\/wp\/v2\/pages\/395\/revisions\/870"}],"wp:attachment":[{"href":"https:\/\/musikbox-cremlingen.de\/index.php?rest_route=%2Fwp%2Fv2%2Fmedia&parent=395"}],"curies":[{"name":"wp","href":"https:\/\/api.w.org\/{rel}","templated":true}]}}