{"id":262,"date":"2018-05-20T02:26:52","date_gmt":"2018-05-20T00:26:52","guid":{"rendered":"http:\/\/musikbox-cremlingen.de\/?page_id=262"},"modified":"2023-05-25T09:33:50","modified_gmt":"2023-05-25T07:33:50","slug":"mitmachen","status":"publish","type":"page","link":"https:\/\/musikbox-cremlingen.de\/?page_id=262","title":{"rendered":"Mitmachen"},"content":{"rendered":"<h3><img decoding=\"async\" loading=\"lazy\" class=\"size-full wp-image-366 alignleft\" src=\"http:\/\/musikbox-cremlingen.de\/wp-content\/uploads\/2018\/09\/picto_nt.jpg\" alt=\"\" width=\"226\" height=\"230\" srcset=\"https:\/\/musikbox-cremlingen.de\/wp-content\/uploads\/2018\/09\/picto_nt.jpg 226w, https:\/\/musikbox-cremlingen.de\/wp-content\/uploads\/2018\/09\/picto_nt-80x80.jpg 80w\" sizes=\"(max-width: 226px) 100vw, 226px\" \/><strong>Los geht\u00b4s!<\/strong><\/h3>\n<p>Das Mitmachen in der Musikbox ist ganz einfach. Sobald Sie sich f\u00fcr ein Instrument entschieden haben und die Probestunde gut verlaufen ist, melden Sie sich zu Ihrem Wunschtermin an und zahlen Ihren Monatsbeitrag(1) zzgl. einmaliger Aufnahmegeb\u00fchr. Dann haben Sie jede Woche zur selben Zeit Ihren Unterricht &#8211; entweder eine volle oder eine halbe Unterrichtsstunde (45 bzw. 25 min.). Und sollten Sie im laufenden Monat starten, zahlen Sie nur anteilig. K\u00fcndigen k\u00f6nnen Sie mit einer Frist von acht Wochen immer zum Quartalsende.<\/p>\n<p>F\u00fcr alle, die z.B. aus beruflichen Gr\u00fcnden keinen festen regelm\u00e4\u00dfigen Termin wahrnehmen oder sich noch nicht f\u00fcr ein Instrument entscheiden k\u00f6nnen, gibt es die M\u00f6glichkeit, unsere <a href=\"http:\/\/musikbox-cremlingen.de\/?page_id=395\">Zehnerkarte<\/a> zu nutzen. Damit k\u00f6nnen Sie kreuz und quer verschiedene Instrumente testen oder ein Instrument vertiefen. Termine werden hier individuell vereinbart, so wie es Ihre Zeit zul\u00e4sst. Nach 10 Terminen ist automatisch Schluss.<\/p>\n<p><a href=\"http:\/\/musikbox-cremlingen.de\/?page_id=103\">Kontakt<\/a><\/p>\n<p>(1) Der Monatsbeitrag ist ein Zw\u00f6lftel der Jahresgeb\u00fchr und auch in der unterrichtsfreien Zeit (Ferien und Feiertage) f\u00e4llig.<\/p>\n","protected":false},"excerpt":{"rendered":"<p>Los geht\u00b4s! Das Mitmachen in der Musikbox ist ganz einfach. Sobald Sie sich f\u00fcr ein Instrument entschieden haben und die Probestunde gut verlaufen ist, melden Sie sich zu Ihrem Wunschtermin an und zahlen Ihren Monatsbeitrag(1) zzgl. einmaliger Aufnahmegeb\u00fchr. Dann haben Sie jede Woche zur selben Zeit Ihren Unterricht &#8211; entweder eine volle oder eine halbe&hellip;<\/p>\n<p class=\"more-link\"><a href=\"https:\/\/musikbox-cremlingen.de\/?page_id=262\" class=\"themebutton\">Read More<\/a><\/p>\n","protected":false},"author":1,"featured_media":0,"parent":0,"menu_order":0,"comment_status":"closed","ping_status":"closed","template":"","meta":[],"_links":{"self":[{"href":"https:\/\/musikbox-cremlingen.de\/index.php?rest_route=\/wp\/v2\/pages\/262"}],"collection":[{"href":"https:\/\/musikbox-cremlingen.de\/index.php?rest_route=\/wp\/v2\/pages"}],"about":[{"href":"https:\/\/musikbox-cremlingen.de\/index.php?rest_route=\/wp\/v2\/types\/page"}],"author":[{"embeddable":true,"href":"https:\/\/musikbox-cremlingen.de\/index.php?rest_route=\/wp\/v2\/users\/1"}],"replies":[{"embeddable":true,"href":"https:\/\/musikbox-cremlingen.de\/index.php?rest_route=%2Fwp%2Fv2%2Fcomments&post=262"}],"version-history":[{"count":8,"href":"https:\/\/musikbox-cremlingen.de\/index.php?rest_route=\/wp\/v2\/pages\/262\/revisions"}],"predecessor-version":[{"id":1087,"href":"https:\/\/musikbox-cremlingen.de\/index.php?rest_route=\/wp\/v2\/pages\/262\/revisions\/1087"}],"wp:attachment":[{"href":"https:\/\/musikbox-cremlingen.de\/index.php?rest_route=%2Fwp%2Fv2%2Fmedia&parent=262"}],"curies":[{"name":"wp","href":"https:\/\/api.w.org\/{rel}","templated":true}]}}