{"id":258,"date":"2018-05-20T01:56:23","date_gmt":"2018-05-19T23:56:23","guid":{"rendered":"http:\/\/musikbox-cremlingen.de\/?page_id=258"},"modified":"2023-01-17T17:45:16","modified_gmt":"2023-01-17T16:45:16","slug":"erste-schritte","status":"publish","type":"page","link":"https:\/\/musikbox-cremlingen.de\/?page_id=258","title":{"rendered":"Erste Schritte"},"content":{"rendered":"<h3><img decoding=\"async\" loading=\"lazy\" class=\"size-full wp-image-367 alignleft\" src=\"http:\/\/musikbox-cremlingen.de\/wp-content\/uploads\/2018\/09\/picto_qm.jpg\" alt=\"\" width=\"226\" height=\"230\" srcset=\"https:\/\/musikbox-cremlingen.de\/wp-content\/uploads\/2018\/09\/picto_qm.jpg 226w, https:\/\/musikbox-cremlingen.de\/wp-content\/uploads\/2018\/09\/picto_qm-80x80.jpg 80w\" sizes=\"(max-width: 226px) 100vw, 226px\" \/><strong>Der Start<\/strong><\/h3>\n<p>In der Musikbox sind alle Altersgruppen willkommen. Die j\u00fcngsten Kinder starten schon mit eineinhalb Jahren im Gruppenunterricht. Ab ca. vier Jahre beginnt die Musikalische Fr\u00fcherziehung. Und im Alter von ungef\u00e4hr sechs Jahren bis ins Erwachsenenalter kann der Fachunterricht mit den verschiedenen Instrumenten starten.<\/p>\n<p>Kinder haben h\u00e4ufig durch ihr Umfeld oder im Unterricht der Musikalischen Fr\u00fcherziehung ihre Vorliebe f\u00fcr ein Instrument entdeckt. Aber auch Neueinsteiger, die v\u00f6llig unerfahren sind, werden durch ein pers\u00f6nliches Gespr\u00e4ch mit uns motiviert in die erste Probestunde starten. Die ist nat\u00fcrlich v\u00f6llig unverbindlich. Sie m\u00fcssen weder Noten- noch Grundkenntnisse haben. Sogar ein Leihinstrument stellen wir Ihnen zur Verf\u00fcgung. Und wenn es doch nicht das Richtige ist, bleibt die Probestunde sogar gratis.<\/p>\n<p>Starten Sie jetzt! St\u00f6bern Sie unter <a href=\"http:\/\/musikbox-cremlingen.de\/?page_id=90\">Musikunterricht<\/a> und vereinbaren Sie eine Probestunde.<\/p>\n<p><strong>\u2026 oder <a href=\"http:\/\/musikbox-cremlingen.de\/?page_id=103\">kontaktieren<\/a> Sie uns direkt!<\/strong><\/p>\n","protected":false},"excerpt":{"rendered":"<p>Der Start In der Musikbox sind alle Altersgruppen willkommen. Die j\u00fcngsten Kinder starten schon mit eineinhalb Jahren im Gruppenunterricht. Ab ca. vier Jahre beginnt die Musikalische Fr\u00fcherziehung. Und im Alter von ungef\u00e4hr sechs Jahren bis ins Erwachsenenalter kann der Fachunterricht mit den verschiedenen Instrumenten starten. Kinder haben h\u00e4ufig durch ihr Umfeld oder im Unterricht der&hellip;<\/p>\n<p class=\"more-link\"><a href=\"https:\/\/musikbox-cremlingen.de\/?page_id=258\" class=\"themebutton\">Read More<\/a><\/p>\n","protected":false},"author":1,"featured_media":0,"parent":0,"menu_order":0,"comment_status":"closed","ping_status":"closed","template":"","meta":[],"_links":{"self":[{"href":"https:\/\/musikbox-cremlingen.de\/index.php?rest_route=\/wp\/v2\/pages\/258"}],"collection":[{"href":"https:\/\/musikbox-cremlingen.de\/index.php?rest_route=\/wp\/v2\/pages"}],"about":[{"href":"https:\/\/musikbox-cremlingen.de\/index.php?rest_route=\/wp\/v2\/types\/page"}],"author":[{"embeddable":true,"href":"https:\/\/musikbox-cremlingen.de\/index.php?rest_route=\/wp\/v2\/users\/1"}],"replies":[{"embeddable":true,"href":"https:\/\/musikbox-cremlingen.de\/index.php?rest_route=%2Fwp%2Fv2%2Fcomments&post=258"}],"version-history":[{"count":8,"href":"https:\/\/musikbox-cremlingen.de\/index.php?rest_route=\/wp\/v2\/pages\/258\/revisions"}],"predecessor-version":[{"id":1076,"href":"https:\/\/musikbox-cremlingen.de\/index.php?rest_route=\/wp\/v2\/pages\/258\/revisions\/1076"}],"wp:attachment":[{"href":"https:\/\/musikbox-cremlingen.de\/index.php?rest_route=%2Fwp%2Fv2%2Fmedia&parent=258"}],"curies":[{"name":"wp","href":"https:\/\/api.w.org\/{rel}","templated":true}]}}