{"id":188,"date":"2018-05-08T12:59:33","date_gmt":"2018-05-08T12:59:33","guid":{"rendered":"http:\/\/musikbox-cremlingen.de\/?page_id=188"},"modified":"2021-11-10T12:28:49","modified_gmt":"2021-11-10T11:28:49","slug":"leitung","status":"publish","type":"page","link":"https:\/\/musikbox-cremlingen.de\/?page_id=188","title":{"rendered":"Leitung"},"content":{"rendered":"<h3><strong><img decoding=\"async\" loading=\"lazy\" class=\"alignnone size-full wp-image-354 alignleft\" src=\"http:\/\/musikbox-cremlingen.de\/wp-content\/uploads\/2018\/06\/TR-e1529067101707.jpg\" alt=\"\" width=\"300\" height=\"468\" \/>Gegr\u00fcndet wurde die Musikbox im Jahr 2005<\/strong><\/h3>\n<p><strong>Inhaber ist Tobias Friedrich, geb. 1971<\/strong><\/p>\n<p>Seit fr\u00fchster Kindheit mache ich Musik. Mit der Musikalischen Fr\u00fcherziehung habe ich in Braunschweig begonnen. Weiter ging meine Karriere mit Blockfl\u00f6te, Akkordeon, E-Bass, Gitarre und Schlagzeug. E-Bassunterricht erteile ich bereits seit 1995. Seit 1993 bin ich Bassist der Braunschweiger Band Bluespower.<\/p>\n<p>Neben <a href=\"http:\/\/musikbox-cremlingen.de\/?page_id=102\">E-Bass<\/a> unterrichte ich <a href=\"http:\/\/musikbox-cremlingen.de\/?page_id=100\">Schlagzeug, Cajon und Bongo<\/a>, sowie seit Jahren sehr erfolgreich die <a href=\"http:\/\/musikbox-cremlingen.de\/?page_id=97\">Musikalische Fr\u00fcherziehung<\/a>.<\/p>\n<p>Ich habe Bildungswissenschaft studiert und leite die Musikbox auf dieser Grundlage als zeitgem\u00e4\u00dfe Bildungseinrichtung.<span style=\"font-family: Arial, Helvetica, sans-serif; font-size: small;\"><br \/>\n<\/span><\/p>\n<p>Ich bin verheiratet und habe zwei T\u00f6chter.<\/p>\n<p>Lesen Sie weiter \u00fcber unsere <a href=\"http:\/\/musikbox-cremlingen.de\/?page_id=185\">Philosophie<\/a>!<\/p>\n","protected":false},"excerpt":{"rendered":"<p>Gegr\u00fcndet wurde die Musikbox im Jahr 2005 Inhaber ist Tobias Friedrich, geb. 1971 Seit fr\u00fchster Kindheit mache ich Musik. Mit der Musikalischen Fr\u00fcherziehung habe ich in Braunschweig begonnen. Weiter ging meine Karriere mit Blockfl\u00f6te, Akkordeon, E-Bass, Gitarre und Schlagzeug. E-Bassunterricht erteile ich bereits seit 1995. Seit 1993 bin ich Bassist der Braunschweiger Band Bluespower. Neben&hellip;<\/p>\n<p class=\"more-link\"><a href=\"https:\/\/musikbox-cremlingen.de\/?page_id=188\" class=\"themebutton\">Read More<\/a><\/p>\n","protected":false},"author":1,"featured_media":0,"parent":0,"menu_order":0,"comment_status":"closed","ping_status":"closed","template":"","meta":[],"_links":{"self":[{"href":"https:\/\/musikbox-cremlingen.de\/index.php?rest_route=\/wp\/v2\/pages\/188"}],"collection":[{"href":"https:\/\/musikbox-cremlingen.de\/index.php?rest_route=\/wp\/v2\/pages"}],"about":[{"href":"https:\/\/musikbox-cremlingen.de\/index.php?rest_route=\/wp\/v2\/types\/page"}],"author":[{"embeddable":true,"href":"https:\/\/musikbox-cremlingen.de\/index.php?rest_route=\/wp\/v2\/users\/1"}],"replies":[{"embeddable":true,"href":"https:\/\/musikbox-cremlingen.de\/index.php?rest_route=%2Fwp%2Fv2%2Fcomments&post=188"}],"version-history":[{"count":6,"href":"https:\/\/musikbox-cremlingen.de\/index.php?rest_route=\/wp\/v2\/pages\/188\/revisions"}],"predecessor-version":[{"id":965,"href":"https:\/\/musikbox-cremlingen.de\/index.php?rest_route=\/wp\/v2\/pages\/188\/revisions\/965"}],"wp:attachment":[{"href":"https:\/\/musikbox-cremlingen.de\/index.php?rest_route=%2Fwp%2Fv2%2Fmedia&parent=188"}],"curies":[{"name":"wp","href":"https:\/\/api.w.org\/{rel}","templated":true}]}}