{"id":185,"date":"2018-05-08T12:59:33","date_gmt":"2018-05-08T12:59:33","guid":{"rendered":"http:\/\/musikbox-cremlingen.de\/?page_id=185"},"modified":"2025-06-06T14:22:04","modified_gmt":"2025-06-06T12:22:04","slug":"philosophie","status":"publish","type":"page","link":"https:\/\/musikbox-cremlingen.de\/?page_id=185","title":{"rendered":"Philosophie"},"content":{"rendered":"<h3><strong><img decoding=\"async\" loading=\"lazy\" class=\"alignnone size-full wp-image-28 alignleft\" src=\"http:\/\/musikbox-cremlingen.de\/wp-content\/uploads\/2018\/04\/30688610_947177012151661_4075609125621334016_n-e1529056164952.jpg\" alt=\"\" width=\"300\" height=\"300\" \/>Die Philosophie der Musikbox<\/strong><\/h3>\n<p>Musik ist kein Hochleistungssport. Es geht nicht nur darum geschriebene Noten richtig wiederzugeben, sondern darum Musik zu machen. Mit Musik kann man sich ausdr\u00fccken, Emotionen erfahren und nat\u00fcrlich vermitteln.<\/p>\n<p>Die Individualit\u00e4t des Sch\u00fclers, zumeist ein Kind, steht f\u00fcr uns im Mittelpunkt, denn jeder Mensch lernt am besten auf seine ganz eigene Art und Weise. Das hei\u00dft, er braucht ein f\u00fcr sich optimiertes Lehr- und Lernkonzept. Die Lehrer der Musikbox nehmen den Nachwuchs an die Hand &#8211; das gemeinsame Ziel vor Augen.<\/p>\n<p>Bei unserer Arbeit ist ein strukturierter, zielgerichteter Unterricht notwendig. Denn dieser &#8222;Rote Faden&#8220; zeigt uns und unseren Sch\u00fclern den Weg durch ihre Ausbildung. Aus diesem Grund orientieren wir uns an dem Lehrplanwerk des Verbands deutscher Musikschulen.<\/p>\n<p>Als Musiklehrer ist es unsere Aufgabe unseren Sch\u00fclern den Zugang in die Welt des Musizierens zu erleichtern. Motivation ist hier ein Schl\u00fcssel, damit jedem Sch\u00fcler unserer Musikbox der Spa\u00df am Musikmachen aus den Augen scheint. Doch zum Unterricht geh\u00f6rt mehr: Vertrauen, gegenseitiger Respekt und auch die Einsicht, dass nur \u00dcbung den Meister macht. Nur so erreichen wir mit unseren Sch\u00fctzlingen einen stetigen Fortschritt. Der hiermit verbundene pers\u00f6nliche Erfolg tr\u00e4gt ma\u00dfgeblich zur Entwicklung der Pers\u00f6nlichkeit bei und Musik wird als neue Kommunikationsform verstanden: Zwischen Musiker und Zuh\u00f6rer &#8211; oft Kind und Eltern.<\/p>\n<p>Wohin der Weg unsere Sch\u00fcler aus der Musikbox f\u00fchrt ist offen, denn Musik hat viele Sprachen und wird von Sir Simon Rattle, Heino, Anastacia und Miles Davis gesprochen.<\/p>\n\n\n<p class=\"has-white-color has-text-color\">Cre<a href=\"https:\/\/musikbox-cremlingen.de\/?page_id=1096\" data-type=\"page\" data-id=\"1096\" target=\"_blank\" rel=\"noreferrer noopener\">.<\/a>JuKu<\/p>\n","protected":false},"excerpt":{"rendered":"<p>Die Philosophie der Musikbox Musik ist kein Hochleistungssport. Es geht nicht nur darum geschriebene Noten richtig wiederzugeben, sondern darum Musik zu machen. Mit Musik kann man sich ausdr\u00fccken, Emotionen erfahren und nat\u00fcrlich vermitteln. Die Individualit\u00e4t des Sch\u00fclers, zumeist ein Kind, steht f\u00fcr uns im Mittelpunkt, denn jeder Mensch lernt am besten auf seine ganz eigene&hellip;<\/p>\n<p class=\"more-link\"><a href=\"https:\/\/musikbox-cremlingen.de\/?page_id=185\" class=\"themebutton\">Read More<\/a><\/p>\n","protected":false},"author":1,"featured_media":0,"parent":0,"menu_order":0,"comment_status":"closed","ping_status":"closed","template":"","meta":[],"_links":{"self":[{"href":"https:\/\/musikbox-cremlingen.de\/index.php?rest_route=\/wp\/v2\/pages\/185"}],"collection":[{"href":"https:\/\/musikbox-cremlingen.de\/index.php?rest_route=\/wp\/v2\/pages"}],"about":[{"href":"https:\/\/musikbox-cremlingen.de\/index.php?rest_route=\/wp\/v2\/types\/page"}],"author":[{"embeddable":true,"href":"https:\/\/musikbox-cremlingen.de\/index.php?rest_route=\/wp\/v2\/users\/1"}],"replies":[{"embeddable":true,"href":"https:\/\/musikbox-cremlingen.de\/index.php?rest_route=%2Fwp%2Fv2%2Fcomments&post=185"}],"version-history":[{"count":10,"href":"https:\/\/musikbox-cremlingen.de\/index.php?rest_route=\/wp\/v2\/pages\/185\/revisions"}],"predecessor-version":[{"id":1110,"href":"https:\/\/musikbox-cremlingen.de\/index.php?rest_route=\/wp\/v2\/pages\/185\/revisions\/1110"}],"wp:attachment":[{"href":"https:\/\/musikbox-cremlingen.de\/index.php?rest_route=%2Fwp%2Fv2%2Fmedia&parent=185"}],"curies":[{"name":"wp","href":"https:\/\/api.w.org\/{rel}","templated":true}]}}