{"id":111,"date":"2018-05-08T09:17:58","date_gmt":"2018-05-08T09:17:58","guid":{"rendered":"http:\/\/musikbox-cremlingen.de\/?page_id=111"},"modified":"2018-05-08T13:05:29","modified_gmt":"2018-05-08T13:05:29","slug":"ueber-uns","status":"publish","type":"page","link":"https:\/\/musikbox-cremlingen.de\/","title":{"rendered":"\u00fcber uns"},"content":{"rendered":"<p><b><span style=\"font-family: Arial; font-size: small;\">Damit die Musikbox funktioniert, ist ein starkes Team wichtig. Aus vielen Bewerbern wurden die Lehrkr\u00e4fte ausgew\u00e4hlt, die nicht nur die n\u00f6tigen F\u00e4higkeiten an ihren Instrumenten besitzen, sondern dar\u00fcber hinaus die <a href=\"http:\/\/musikbox-cremlingen.de\/?page_id=185\">Philosophie<\/a> der Musikbox teilen.<\/span><\/b><\/p>\n","protected":false},"excerpt":{"rendered":"<p>Damit die Musikbox funktioniert, ist ein starkes Team wichtig. Aus vielen Bewerbern wurden die Lehrkr\u00e4fte ausgew\u00e4hlt, die nicht nur die n\u00f6tigen F\u00e4higkeiten an ihren Instrumenten besitzen, sondern dar\u00fcber hinaus die Philosophie der Musikbox teilen.<\/p>\n","protected":false},"author":1,"featured_media":0,"parent":0,"menu_order":0,"comment_status":"closed","ping_status":"closed","template":"","meta":[],"_links":{"self":[{"href":"https:\/\/musikbox-cremlingen.de\/index.php?rest_route=\/wp\/v2\/pages\/111"}],"collection":[{"href":"https:\/\/musikbox-cremlingen.de\/index.php?rest_route=\/wp\/v2\/pages"}],"about":[{"href":"https:\/\/musikbox-cremlingen.de\/index.php?rest_route=\/wp\/v2\/types\/page"}],"author":[{"embeddable":true,"href":"https:\/\/musikbox-cremlingen.de\/index.php?rest_route=\/wp\/v2\/users\/1"}],"replies":[{"embeddable":true,"href":"https:\/\/musikbox-cremlingen.de\/index.php?rest_route=%2Fwp%2Fv2%2Fcomments&post=111"}],"version-history":[{"count":4,"href":"https:\/\/musikbox-cremlingen.de\/index.php?rest_route=\/wp\/v2\/pages\/111\/revisions"}],"predecessor-version":[{"id":199,"href":"https:\/\/musikbox-cremlingen.de\/index.php?rest_route=\/wp\/v2\/pages\/111\/revisions\/199"}],"wp:attachment":[{"href":"https:\/\/musikbox-cremlingen.de\/index.php?rest_route=%2Fwp%2Fv2%2Fmedia&parent=111"}],"curies":[{"name":"wp","href":"https:\/\/api.w.org\/{rel}","templated":true}]}}