{"id":107,"date":"2018-05-08T09:17:58","date_gmt":"2018-05-08T09:17:58","guid":{"rendered":"http:\/\/musikbox-cremlingen.de\/?page_id=107"},"modified":"2023-05-04T12:51:34","modified_gmt":"2023-05-04T10:51:34","slug":"freestyle","status":"publish","type":"page","link":"https:\/\/musikbox-cremlingen.de\/?page_id=107","title":{"rendered":"Freestyle"},"content":{"rendered":"<h3><img decoding=\"async\" loading=\"lazy\" class=\"size-full wp-image-347 alignleft\" src=\"http:\/\/musikbox-cremlingen.de\/wp-content\/uploads\/2018\/06\/Fotolia_54936976_L_cut-e1529059875823.jpg\" alt=\"\" width=\"300\" height=\"215\" \/><strong>Freestyle<\/strong><\/h3>\n<p><strong>F\u00fcr Jugendliche von 14-18 Jahre<\/strong><\/p>\n<p>Es werden haupts\u00e4chlich Stile die zur Hip-Hop Tanzkultur geh\u00f6ren unterrichtet. Aber auch Elemente aus latein- und afroamerikanischen T\u00e4nzen werden in die Choreographien eingearbeitet. Vorkenntnisse sind nicht n\u00f6tig.<\/p>\n<p><strong>WIR SUCHEN HIERF\u00dcR EINE KURSLEITUNG!<\/strong><\/p>\n<p><strong>Diese Gruppe wird neu gegr\u00fcndet. Sei einer der ersten, der sie ins Leben ruft<\/strong><\/p>\n","protected":false},"excerpt":{"rendered":"<p>Freestyle F\u00fcr Jugendliche von 14-18 Jahre Es werden haupts\u00e4chlich Stile die zur Hip-Hop Tanzkultur geh\u00f6ren unterrichtet. Aber auch Elemente aus latein- und afroamerikanischen T\u00e4nzen werden in die Choreographien eingearbeitet. Vorkenntnisse sind nicht n\u00f6tig. WIR SUCHEN HIERF\u00dcR EINE KURSLEITUNG! Diese Gruppe wird neu gegr\u00fcndet. Sei einer der ersten, der sie ins Leben ruft<\/p>\n","protected":false},"author":1,"featured_media":0,"parent":0,"menu_order":0,"comment_status":"closed","ping_status":"closed","template":"","meta":[],"_links":{"self":[{"href":"https:\/\/musikbox-cremlingen.de\/index.php?rest_route=\/wp\/v2\/pages\/107"}],"collection":[{"href":"https:\/\/musikbox-cremlingen.de\/index.php?rest_route=\/wp\/v2\/pages"}],"about":[{"href":"https:\/\/musikbox-cremlingen.de\/index.php?rest_route=\/wp\/v2\/types\/page"}],"author":[{"embeddable":true,"href":"https:\/\/musikbox-cremlingen.de\/index.php?rest_route=\/wp\/v2\/users\/1"}],"replies":[{"embeddable":true,"href":"https:\/\/musikbox-cremlingen.de\/index.php?rest_route=%2Fwp%2Fv2%2Fcomments&post=107"}],"version-history":[{"count":12,"href":"https:\/\/musikbox-cremlingen.de\/index.php?rest_route=\/wp\/v2\/pages\/107\/revisions"}],"predecessor-version":[{"id":1084,"href":"https:\/\/musikbox-cremlingen.de\/index.php?rest_route=\/wp\/v2\/pages\/107\/revisions\/1084"}],"wp:attachment":[{"href":"https:\/\/musikbox-cremlingen.de\/index.php?rest_route=%2Fwp%2Fv2%2Fmedia&parent=107"}],"curies":[{"name":"wp","href":"https:\/\/api.w.org\/{rel}","templated":true}]}}