{"id":104,"date":"2018-05-08T09:17:58","date_gmt":"2018-05-08T09:17:58","guid":{"rendered":"http:\/\/musikbox-cremlingen.de\/?page_id=104"},"modified":"2018-05-08T12:50:37","modified_gmt":"2018-05-08T12:50:37","slug":"impressum","status":"publish","type":"page","link":"https:\/\/musikbox-cremlingen.de\/?page_id=104","title":{"rendered":"Impressum"},"content":{"rendered":"<p><strong>Inhaber<\/strong><br \/>\nTobias Friedrich<\/p>\n<p><strong>Umsatzsteuer-Identifikationsnr.<\/strong><br \/>\n<strong> gem\u00e4\u00df \u00a7 27 a Umsatzsteuergesetz:<\/strong><br \/>\nDE 13\/233\/45806<\/p>\n<p><strong>Inhaltlich verantwortlich<\/strong><br \/>\n<strong> gem\u00e4\u00df \u00a7 6 MDStV:<\/strong><br \/>\nTobias Friedrich<\/p>\n<p><strong>Haftungshinweis:<\/strong><br \/>\nTrotz sorgf\u00e4ltiger inhaltlicher Kontrolle \u00fcbernehmen wir keine Haftung f\u00fcr die Inhalte externer Links. F\u00fcr den Inhalt der verlinkten Seiten sind ausschlie\u00dflich deren Betreiber verantwortlich.<\/p>\n<p><strong>Copyright:<\/strong><br \/>\nDer Inhalt dieser Webseiten ist urheberrechtlich gesch\u00fctzt. Alle Abbildungen und Fotos auf den Webseiten der Musikbox Cremlingen sind Eigentum der Betreiber und d\u00fcrfen nicht ohne ihre Genehmigung \u00fcbernommen, vervielf\u00e4ltigt und verbreitet werden.<\/p>\n","protected":false},"excerpt":{"rendered":"<p>Inhaber Tobias Friedrich Umsatzsteuer-Identifikationsnr. gem\u00e4\u00df \u00a7 27 a Umsatzsteuergesetz: DE 13\/233\/45806 Inhaltlich verantwortlich gem\u00e4\u00df \u00a7 6 MDStV: Tobias Friedrich Haftungshinweis: Trotz sorgf\u00e4ltiger inhaltlicher Kontrolle \u00fcbernehmen wir keine Haftung f\u00fcr die Inhalte externer Links. F\u00fcr den Inhalt der verlinkten Seiten sind ausschlie\u00dflich deren Betreiber verantwortlich. Copyright: Der Inhalt dieser Webseiten ist urheberrechtlich gesch\u00fctzt. Alle Abbildungen und&hellip;<\/p>\n<p class=\"more-link\"><a href=\"https:\/\/musikbox-cremlingen.de\/?page_id=104\" class=\"themebutton\">Read More<\/a><\/p>\n","protected":false},"author":1,"featured_media":0,"parent":0,"menu_order":0,"comment_status":"closed","ping_status":"closed","template":"","meta":[],"_links":{"self":[{"href":"https:\/\/musikbox-cremlingen.de\/index.php?rest_route=\/wp\/v2\/pages\/104"}],"collection":[{"href":"https:\/\/musikbox-cremlingen.de\/index.php?rest_route=\/wp\/v2\/pages"}],"about":[{"href":"https:\/\/musikbox-cremlingen.de\/index.php?rest_route=\/wp\/v2\/types\/page"}],"author":[{"embeddable":true,"href":"https:\/\/musikbox-cremlingen.de\/index.php?rest_route=\/wp\/v2\/users\/1"}],"replies":[{"embeddable":true,"href":"https:\/\/musikbox-cremlingen.de\/index.php?rest_route=%2Fwp%2Fv2%2Fcomments&post=104"}],"version-history":[{"count":3,"href":"https:\/\/musikbox-cremlingen.de\/index.php?rest_route=\/wp\/v2\/pages\/104\/revisions"}],"predecessor-version":[{"id":180,"href":"https:\/\/musikbox-cremlingen.de\/index.php?rest_route=\/wp\/v2\/pages\/104\/revisions\/180"}],"wp:attachment":[{"href":"https:\/\/musikbox-cremlingen.de\/index.php?rest_route=%2Fwp%2Fv2%2Fmedia&parent=104"}],"curies":[{"name":"wp","href":"https:\/\/api.w.org\/{rel}","templated":true}]}}