{"id":102,"date":"2018-05-08T09:17:58","date_gmt":"2018-05-08T09:17:58","guid":{"rendered":"http:\/\/musikbox-cremlingen.de\/?page_id=102"},"modified":"2020-12-02T01:22:07","modified_gmt":"2020-12-02T00:22:07","slug":"zupfinstrumente","status":"publish","type":"page","link":"https:\/\/musikbox-cremlingen.de\/?page_id=102","title":{"rendered":"Zupfinstrumente"},"content":{"rendered":"<h3><strong><img decoding=\"async\" loading=\"lazy\" class=\"alignnone size-full wp-image-316 alignleft\" src=\"http:\/\/musikbox-cremlingen.de\/wp-content\/uploads\/2018\/06\/fotolia_48226422-e1528979076472.jpg\" alt=\"\" width=\"300\" height=\"353\" srcset=\"https:\/\/musikbox-cremlingen.de\/wp-content\/uploads\/2018\/06\/fotolia_48226422-e1528979076472.jpg 300w, https:\/\/musikbox-cremlingen.de\/wp-content\/uploads\/2018\/06\/fotolia_48226422-e1528979076472-255x300.jpg 255w\" sizes=\"(max-width: 300px) 100vw, 300px\" \/>Hier wird gezupft!<\/strong><\/h3>\n<p>Ob rockig, klassisch oder mit den tiefen T\u00f6nen, Sie haben die Wahl!<\/p>\n<p>&#8211; Konzertgitarre<br \/>\n&#8211; E-Gitarre<br \/>\n&#8211; E-Bass<br \/>\n&#8211; Ukulele<\/p>\n<p>J\u00fcngere Gitarristen brauchen eine Gitarre, die zur K\u00f6rpergr\u00f6\u00dfe passt. Bei uns k\u00f6nne Sie die richtige Gr\u00f6\u00dfe ausleihen und m\u00fcssen nicht jedes Jahr ein neues Instrument kaufen.<\/p>\n","protected":false},"excerpt":{"rendered":"<p>Hier wird gezupft! Ob rockig, klassisch oder mit den tiefen T\u00f6nen, Sie haben die Wahl! &#8211; Konzertgitarre &#8211; E-Gitarre &#8211; E-Bass &#8211; Ukulele J\u00fcngere Gitarristen brauchen eine Gitarre, die zur K\u00f6rpergr\u00f6\u00dfe passt. Bei uns k\u00f6nne Sie die richtige Gr\u00f6\u00dfe ausleihen und m\u00fcssen nicht jedes Jahr ein neues Instrument kaufen.<\/p>\n","protected":false},"author":1,"featured_media":0,"parent":0,"menu_order":0,"comment_status":"closed","ping_status":"closed","template":"","meta":[],"_links":{"self":[{"href":"https:\/\/musikbox-cremlingen.de\/index.php?rest_route=\/wp\/v2\/pages\/102"}],"collection":[{"href":"https:\/\/musikbox-cremlingen.de\/index.php?rest_route=\/wp\/v2\/pages"}],"about":[{"href":"https:\/\/musikbox-cremlingen.de\/index.php?rest_route=\/wp\/v2\/types\/page"}],"author":[{"embeddable":true,"href":"https:\/\/musikbox-cremlingen.de\/index.php?rest_route=\/wp\/v2\/users\/1"}],"replies":[{"embeddable":true,"href":"https:\/\/musikbox-cremlingen.de\/index.php?rest_route=%2Fwp%2Fv2%2Fcomments&post=102"}],"version-history":[{"count":6,"href":"https:\/\/musikbox-cremlingen.de\/index.php?rest_route=\/wp\/v2\/pages\/102\/revisions"}],"predecessor-version":[{"id":717,"href":"https:\/\/musikbox-cremlingen.de\/index.php?rest_route=\/wp\/v2\/pages\/102\/revisions\/717"}],"wp:attachment":[{"href":"https:\/\/musikbox-cremlingen.de\/index.php?rest_route=%2Fwp%2Fv2%2Fmedia&parent=102"}],"curies":[{"name":"wp","href":"https:\/\/api.w.org\/{rel}","templated":true}]}}