{"id":101,"date":"2018-05-08T09:17:58","date_gmt":"2018-05-08T09:17:58","guid":{"rendered":"http:\/\/musikbox-cremlingen.de\/?page_id=101"},"modified":"2018-06-14T12:39:34","modified_gmt":"2018-06-14T10:39:34","slug":"streichinstrumente","status":"publish","type":"page","link":"https:\/\/musikbox-cremlingen.de\/?page_id=101","title":{"rendered":"Streichinstrumente"},"content":{"rendered":"<h3><strong><img decoding=\"async\" loading=\"lazy\" class=\"alignnone size-full wp-image-202 alignleft\" src=\"http:\/\/musikbox-cremlingen.de\/wp-content\/uploads\/2018\/05\/fotolia_120206137cut-e1528972760501.jpg\" alt=\"\" width=\"300\" height=\"272\" \/>Wo jeder die erste Geige spielen m\u00f6chte, geht das Orchester fl\u00f6ten.<\/strong><\/h3>\n<p>In der Musikbox k\u00f6nnen Sie lernen, Geige zu spielen. Die Geige geh\u00f6rt zu den beliebtesten Streichinstrumenten. Sie ist eins der begehrtesten Solo-Instrumente, f\u00fchlt sich aber genau so im Ensemble wohl. Aller Anfang ist schwer, das stimmt. Aber sobald die Saiten zart im Klang, aber mit s\u00fc\u00dfer Sch\u00e4rfe klingen, lassen Sie die Geige nie wieder los!<\/p>\n<p>Wir verleihen g\u00fcnstig das passende Instrument. Denn eine Geige, die nicht zur K\u00f6rpergr\u00f6\u00dfe passt, ist schwierig zu spielen!<\/p>\n","protected":false},"excerpt":{"rendered":"<p>Wo jeder die erste Geige spielen m\u00f6chte, geht das Orchester fl\u00f6ten. In der Musikbox k\u00f6nnen Sie lernen, Geige zu spielen. Die Geige geh\u00f6rt zu den beliebtesten Streichinstrumenten. Sie ist eins der begehrtesten Solo-Instrumente, f\u00fchlt sich aber genau so im Ensemble wohl. Aller Anfang ist schwer, das stimmt. Aber sobald die Saiten zart im Klang, aber&hellip;<\/p>\n<p class=\"more-link\"><a href=\"https:\/\/musikbox-cremlingen.de\/?page_id=101\" class=\"themebutton\">Read More<\/a><\/p>\n","protected":false},"author":1,"featured_media":0,"parent":0,"menu_order":0,"comment_status":"closed","ping_status":"closed","template":"","meta":[],"_links":{"self":[{"href":"https:\/\/musikbox-cremlingen.de\/index.php?rest_route=\/wp\/v2\/pages\/101"}],"collection":[{"href":"https:\/\/musikbox-cremlingen.de\/index.php?rest_route=\/wp\/v2\/pages"}],"about":[{"href":"https:\/\/musikbox-cremlingen.de\/index.php?rest_route=\/wp\/v2\/types\/page"}],"author":[{"embeddable":true,"href":"https:\/\/musikbox-cremlingen.de\/index.php?rest_route=\/wp\/v2\/users\/1"}],"replies":[{"embeddable":true,"href":"https:\/\/musikbox-cremlingen.de\/index.php?rest_route=%2Fwp%2Fv2%2Fcomments&post=101"}],"version-history":[{"count":5,"href":"https:\/\/musikbox-cremlingen.de\/index.php?rest_route=\/wp\/v2\/pages\/101\/revisions"}],"predecessor-version":[{"id":313,"href":"https:\/\/musikbox-cremlingen.de\/index.php?rest_route=\/wp\/v2\/pages\/101\/revisions\/313"}],"wp:attachment":[{"href":"https:\/\/musikbox-cremlingen.de\/index.php?rest_route=%2Fwp%2Fv2%2Fmedia&parent=101"}],"curies":[{"name":"wp","href":"https:\/\/api.w.org\/{rel}","templated":true}]}}